{"id":1767,"date":"2022-01-24T20:07:44","date_gmt":"2022-01-24T20:07:44","guid":{"rendered":"http:\/\/sysbares.com\/web\/?page_id=1767"},"modified":"2025-09-29T20:15:38","modified_gmt":"2025-09-29T20:15:38","slug":"soft","status":"publish","type":"page","link":"https:\/\/sysbares.com\/web\/?page_id=1767","title":{"rendered":"Soft Restaurant"},"content":{"rendered":"[vc_row][vc_column][vc_column_text]<script defer=\"defer\" type=\"text\/javascript\" src=\"https:\/\/sysbares.odoo.com\/im_livechat\/loader\/1\"><\/script> <script defer=\"defer\" type=\"text\/javascript\" src=\"https:\/\/sysbares.odoo.com\/im_livechat\/assets_embed.js\"><\/script><br \/>\n[\/vc_column_text][\/vc_column][\/vc_row][vc_row full_width=&#8221;stretch_row&#8221; disable_element=&#8221;yes&#8221; overlay_dotted=&#8221;&#8221; css=&#8221;.vc_custom_1727310448868{margin-top: 0px !important;margin-bottom: 0px !important;padding-top: 0px !important;padding-bottom: 0px !important;}&#8221;][vc_column][vc_single_image image=&#8221;1756&#8243; img_size=&#8221;full&#8221;][\/vc_column][\/vc_row][vc_row full_width=&#8221;stretch_row&#8221; overlay_dotted=&#8221;&#8221; css=&#8221;.vc_custom_1481542359952{margin-top: 0px !important;margin-bottom: 0px !important;padding-top: 0px !important;padding-bottom: 0px !important;}&#8221;][vc_column width=&#8221;3\/5&#8243;][vc_column_text]\n<div id=\"sppb-addon-wrapper-1601407346364\" class=\"sppb-addon-wrapper\">\n<div id=\"sppb-addon-1601407346364\" class=\"clearfix \">\n<div class=\"sppb-addon sppb-addon-header sppb-text-left\">\n<h1><\/h1>\n<h1><\/h1>\n<h2 class=\"sppb-addon-title\"><span style=\"font-family: helvetica; font-size: 32px;\">Mejora la productividad de tu negocio con <img loading=\"lazy\" class=\"alignnone wp-image-1860 size-full\" src=\"http:\/\/sysbares.com\/web\/wp-content\/uploads\/2024\/09\/logo_soft-restaurant-11-e1759176796152.webp\" alt=\"\" width=\"535\" height=\"102\" srcset=\"https:\/\/sysbares.com\/web\/wp-content\/uploads\/2024\/09\/logo_soft-restaurant-11-e1759176796152.webp 535w, https:\/\/sysbares.com\/web\/wp-content\/uploads\/2024\/09\/logo_soft-restaurant-11-e1759176796152-300x57.webp 300w\" sizes=\"(max-width: 535px) 100vw, 535px\" \/> <span style=\"color: #570c57; font-size: 36px;\">V12<\/span><\/span><\/h2>\n<p>&nbsp;<\/p>\n<\/div>\n<\/div>\n<\/div>\n<div id=\"sppb-addon-wrapper-1599071016208\" class=\"sppb-addon-wrapper\">\n<div id=\"sppb-addon-1599071016208\" class=\"clearfix \">\n<div class=\"sppb-addon sppb-addon-text-block sppb-text-left \">\n<div class=\"sppb-addon-content\">\n<p><span style=\"font-size: 24px;\">Es el sistema ideal para la administraci\u00f3n y operaci\u00f3n de tu restaurante ya que te permite tener el control total de todas las \u00e1reas de tu negocio<\/span><\/p>\n<\/div>\n<\/div>\n<\/div>\n<\/div>\n[\/vc_column_text][vc_row_inner][vc_column_inner][vc_btn title=&#8221;Hacer una Cita&#8221; style=&#8221;flat&#8221; color=&#8221;warning&#8221; size=&#8221;lg&#8221; align=&#8221;center&#8221; link=&#8221;url:http%3A%2F%2Fsysbares.com%2Fweb%2F%3Fpage_id%3D174|title:Contacto&#8221;][\/vc_column_inner][\/vc_row_inner][\/vc_column][vc_column width=&#8221;2\/5&#8243;][vc_single_image image=&#8221;1763&#8243; img_size=&#8221;450&#215;366&#8243;][\/vc_column][\/vc_row][vc_row full_width=&#8221;stretch_row&#8221; overlay_dotted=&#8221;&#8221; css=&#8221;.vc_custom_1481542359952{margin-top: 0px !important;margin-bottom: 0px !important;padding-top: 0px !important;padding-bottom: 0px !important;}&#8221;][vc_column]<div class=\"krth-cta krth-cta-one cta-cnt-right \"><a class=\"krth-btn btn-secondary  vc_custom_1727311387403 btn-medium krth-btn-69e978335bf18 btn-hover-one btn-icon-left rounded-three \" href=\"https:\/\/www.softrestaurant.com\/docs?download=183:23-ft-soft-restaurant-soft-restaurant-11\"><i class=\"fa fa-download\"><\/i><span class=\"btn-text\">Ficha T\u00e9cnica<\/span><\/a><a class=\"krth-btn btn-secondary  vc_custom_1727311419731 btn-medium krth-btn-69e978335bf3c btn-hover-one btn-icon-left rounded-three \" href=\"https:\/\/www.softrestaurant.com\/presentacion-comercial?download=187:23-presentacion-comercial-soft-restaurant-11\"><i class=\"fa fa-download\"><\/i><span class=\"btn-text\">Presentaci\u00f3n Comercial<\/span><\/a><\/div>[\/vc_column][\/vc_row][vc_row full_width=&#8221;stretch_row&#8221; overlay_dotted=&#8221;&#8221; css=&#8221;.vc_custom_1727312815958{margin-top: 0px !important;margin-bottom: 0px !important;padding-top: 0px !important;padding-bottom: 0px !important;background-color: #f7f7f7 !important;}&#8221;][vc_column width=&#8221;2\/5&#8243;][vc_single_image image=&#8221;1866&#8243; img_size=&#8221;450&#215;366&#8243;][\/vc_column][vc_column width=&#8221;3\/5&#8243;][vc_column_text]\n<div id=\"sppb-addon-wrapper-1601407346364\" class=\"sppb-addon-wrapper\">\n<div id=\"sppb-addon-1601407346364\" class=\"clearfix \">\n<div class=\"sppb-addon sppb-addon-header sppb-text-left\">\n<h1><\/h1>\n<h1><\/h1>\n<h2 class=\"sppb-addon-title\"><span style=\"font-family: helvetica; font-size: 32px;\">Haz m\u00e1s f\u00e1cil la administraci\u00f3n de tu restaurante<\/span><\/h2>\n<h2 class=\"sppb-addon-title\"><span style=\"font-family: helvetica; font-size: 16px;\">Simplifica y optimiza la administraci\u00f3n de tu restaurante con <\/span><span style=\"font-family: helvetica; font-size: 16px;\">Soft Restaurant<sup>\u00ae<\/sup><\/span><\/h2>\n<p><span style=\"font-family: helvetica;\"><span class=\"NormalTextRun SCXW97116501 BCX8\">Nuestra plataforma te brinda el control total de tus operaciones, <\/span><span class=\"NormalTextRun SCXW97116501 BCX8\">permiti\u00e9ndote gestionar de forma eficiente y sin complicaciones desde tu inventario hasta la facturaci\u00f3n electr\u00f3nica.<\/span><\/span><\/p>\n<\/div>\n<\/div>\n<\/div>\n[\/vc_column_text][vc_row_inner][vc_column_inner][vc_btn title=&#8221;Hacer una Cita&#8221; style=&#8221;flat&#8221; color=&#8221;warning&#8221; size=&#8221;lg&#8221; align=&#8221;center&#8221; link=&#8221;url:http%3A%2F%2Fsysbares.com%2Fweb%2F%3Fpage_id%3D174|title:Contacto&#8221;][\/vc_column_inner][\/vc_row_inner][\/vc_column][\/vc_row][vc_row full_width=&#8221;stretch_row&#8221; overlay_dotted=&#8221;&#8221; css=&#8221;.vc_custom_1481542359952{margin-top: 0px !important;margin-bottom: 0px !important;padding-top: 0px !important;padding-bottom: 0px !important;}&#8221;][vc_column width=&#8221;2\/5&#8243;][vc_empty_space height=&#8221;64px&#8221;][\/vc_column][\/vc_row][vc_row full_width=&#8221;stretch_row&#8221; overlay_dotted=&#8221;&#8221; css=&#8221;.vc_custom_1481542359952{margin-top: 0px !important;margin-bottom: 0px !important;padding-top: 0px !important;padding-bottom: 0px !important;}&#8221;][vc_column][vc_video link=&#8221;https:\/\/www.youtube.com\/watch?v=KFiP9M3BIAI&#8221;][\/vc_column][\/vc_row][vc_row full_width=&#8221;stretch_row&#8221; overlay_dotted=&#8221;true&#8221; css=&#8221;.vc_custom_1643057820976{margin-top: 0px !important;padding-top: 20px !important;padding-bottom: 40px !important;background-image: url(http:\/\/sysbares.com\/web\/wp-content\/uploads\/2016\/08\/fondoclientes.jpg?id=18) !important;}&#8221; overlay_color=&#8221;rgba(19,29,51,0.83)&#8221;][vc_column][vc_column_text css=&#8221;.vc_custom_1643057068858{margin-bottom: 10px !important;}&#8221;]\n<h2 style=\"text-align: center;\"><span style=\"color: #ffffff;\">Funciones Principales<\/span><\/h2>\n[\/vc_column_text][vc_row_inner][vc_column_inner width=&#8221;1\/3&#8243;]\n      <div class=\"krth-service-four text-center\"><div class=\"service-icon\"><i class=\"fa fa-check\"><\/i><\/div><div class=\"services-content\"><h3 class=\"service-heading\" style=\"color:#ffffff;\">Administraci\u00f3n y Control<\/h3><p class=\"sppb-addon-title sppb-feature-box-title\"><span style=\"color: #ffffff;\">Lleva el control total de tu negocio, monitorea las \u00e1reas de: compras, ventas, inventarios, proveedores, clientes, costos y mucho m\u00e1s.<\/span><\/p>\n<\/div><\/div>[vc_separator color=&#8221;white&#8221; el_width=&#8221;60&#8243;]\n      <div class=\"krth-service-four text-center\"><div class=\"service-icon\"><i class=\"fa fa-check\"><\/i><\/div><div class=\"services-content\"><h3 class=\"service-heading\" style=\"color:#ffffff;\">Perfiles de Seguridad<\/h3><p class=\"sppb-addon-title sppb-feature-box-title\"><span style=\"color: #ffffff;\">Configura diferentes perfiles de seguridad y protege la informaci\u00f3n de tu negocio para los distintos roles de colaboradores que tengas: mesero, cajero, administrador, etc.<\/span><\/p>\n<\/div><\/div>[\/vc_column_inner][vc_column_inner width=&#8221;1\/3&#8243;]\n      <div class=\"krth-service-four text-center\"><div class=\"service-icon\"><i class=\"fa fa-check\"><\/i><\/div><div class=\"services-content\"><h3 class=\"service-heading\" style=\"color:#ffffff;\">Punto de Venta<\/h3><p class=\"sppb-addon-title sppb-feature-box-title\"><span style=\"color: #ffffff;\">Brinda un servicio f\u00e1cil y r\u00e1pido en diferentes modalidades: fast food, servicio a comedor, drive thru o a domicilio.<\/span><\/p>\n<\/div><\/div>[vc_separator color=&#8221;white&#8221; el_width=&#8221;60&#8243;]\n      <div class=\"krth-service-four text-center\"><div class=\"service-icon\"><i class=\"fa fa-check\"><\/i><\/div><div class=\"services-content\"><h3 class=\"service-heading\" style=\"color:#ffffff;\">Reporte y An\u00e1lisis<\/h3><p class=\"sppb-addon-title sppb-feature-box-title\"><span style=\"color: #ffffff;\">Podr\u00e1s obtener m\u00e1s de 50 diferentes tipos de reportes para realizar la toma de decisiones en tu negocio basado en el an\u00e1lisis de datos reales.<\/span><\/p>\n<\/div><\/div>[\/vc_column_inner][vc_column_inner width=&#8221;1\/3&#8243;]\n      <div class=\"krth-service-four text-center\"><div class=\"service-icon\"><i class=\"fa fa-check\"><\/i><\/div><div class=\"services-content\"><h3 class=\"service-heading\" style=\"color:#ffffff;\">Control de Inventarios<\/h3><p class=\"sppb-addon-title sppb-feature-box-title\"><span style=\"color: #ffffff;\">Lleva un control de tus inventarios de manera detallada de acuerdo a tus recetas y reduce las mermas por errores humanos.<\/span><\/p>\n<\/div><\/div>[vc_separator color=&#8221;white&#8221; el_width=&#8221;60&#8243;]\n      <div class=\"krth-service-four text-center\"><div class=\"service-icon\"><i class=\"fa fa-check\"><\/i><\/div><div class=\"services-content\"><h3 class=\"service-heading\" style=\"color:#ffffff;\">Facturaci\u00f3n Electr\u00f3nica<\/h3><p class=\"sppb-addon-title sppb-feature-box-title\"><span style=\"color: #ffffff;\">Realiza la facturaci\u00f3n directamente desde tu sistema o brinda la opci\u00f3n a tus comensales de realizarlo en l\u00ednea.<\/span><\/p>\n<\/div><\/div>[\/vc_column_inner][\/vc_row_inner][\/vc_column][\/vc_row][vc_row full_width=&#8221;stretch_row&#8221; overlay_dotted=&#8221;&#8221; css=&#8221;.vc_custom_1643066680756{margin-top: 0px !important;padding-top: 20px !important;padding-bottom: 40px !important;background-color: #f8f8f8 !important;}&#8221;][vc_column][vc_column_text css=&#8221;.vc_custom_1727311469645{margin-bottom: 10px !important;}&#8221;]\n<h2 style=\"text-align: center;\"><span style=\"color: #000000;\">\u00bfPor qu\u00e9 Elegir Soft Restaurant?<\/span><\/h2>\n[\/vc_column_text][vc_row_inner][vc_column_inner width=&#8221;1\/3&#8243;]<div class=\"krth-service-two\"><div class=\"service-icon\"><i class=\"icon-badge\"><\/i><\/div><div class=\"services-content\"><h3 class=\"service-heading\" style=\"color:#0a0a0a;\">Experiencia en la industria<\/h3><p class=\"sppb-addon-title sppb-feature-box-title\">En Soft Restaurant\u00ae tenemos m\u00e1s de 20 a\u00f1os ayudando a los restaurantes a crecer.<\/p>\n<\/div><\/div><div class=\"krth-service-two\"><div class=\"service-icon\"><i class=\"icon-earphones-alt\"><\/i><\/div><div class=\"services-content\"><h3 class=\"service-heading\" style=\"color:#0a0a0a;\">Soporte<\/h3><p class=\"sppb-addon-title sppb-feature-box-title\">P\u00f3lizas de soporte 24\/7\u00a0 con nuestro distribuidor certificado A LA CARTA<\/p>\n<\/div><\/div>[\/vc_column_inner][vc_column_inner width=&#8221;1\/3&#8243;]<div class=\"krth-service-two\"><div class=\"service-icon\"><i class=\"fa fa-cutlery\"><\/i><\/div><div class=\"services-content\"><h3 class=\"service-heading\" style=\"color:#0a0a0a;\">Sistema Flexible<\/h3><p class=\"sppb-addon-title sppb-feature-box-title\"><span style=\"color: #333333;\">Software funcional para negocios peque\u00f1os, medianos o cadenas de restaurantes.<\/span><\/p>\n<\/div><\/div><div class=\"krth-service-two\"><div class=\"service-icon\"><i class=\"fa fa-users\"><\/i><\/div><div class=\"services-content\"><h3 class=\"service-heading\" style=\"color:#0a0a0a;\">Consultores<\/h3><p class=\"sppb-addon-title sppb-feature-box-title\"><span style=\"color: #333333;\">Consultores expertos en restaurantes, no solo en sistemas, por lo que conocen al 100% el negocio.<\/span><\/p>\n<\/div><\/div>[\/vc_column_inner][vc_column_inner width=&#8221;1\/3&#8243;]<div class=\"krth-service-two\"><div class=\"service-icon\"><i class=\"fa fa-sitemap\"><\/i><\/div><div class=\"services-content\"><h3 class=\"service-heading\" style=\"color:#0a0a0a;\">Todo en uno<\/h3><p class=\"sppb-addon-title sppb-feature-box-title\">El sistema m\u00e1s completo de la industria, incluye todo lo necesario para operar con \u00e9xito.<\/p>\n<\/div><\/div><div class=\"krth-service-two\"><div class=\"service-icon\"><i class=\"fa fa-file-text-o\"><\/i><\/div><div class=\"services-content\"><h3 class=\"service-heading\" style=\"color:#0a0a0a;\">Actualizado<\/h3><p class=\"sppb-addon-title sppb-feature-box-title\">Actualizado con las nuevas disposiciones fiscales CFDI 4.0<\/p>\n<\/div><\/div>[\/vc_column_inner][\/vc_row_inner][\/vc_column][\/vc_row][vc_row full_width=&#8221;stretch_row&#8221; overlay_dotted=&#8221;&#8221; css=&#8221;.vc_custom_1643062471838{margin-top: 0px !important;padding-top: 20px !important;padding-bottom: 40px !important;background-image: url(http:\/\/sysbares.com\/web\/wp-content\/uploads\/2022\/01\/fondodatos-chico-1.jpg?id=1615) !important;}&#8221; overlay_color=&#8221;rgba(19,29,51,0.83)&#8221;][vc_column][vc_column_text css=&#8221;.vc_custom_1643062321010{margin-bottom: 10px !important;}&#8221;]\n<h2 style=\"text-align: center;\"><span style=\"color: #ffffff;\">\u00a1M\u00e1s equipado que nunca!<\/span><\/h2>\n[\/vc_column_text][vc_row_inner][vc_column_inner width=&#8221;1\/3&#8243;]<div class=\"krth-service-one \"><span class=\"service-image\"><img class=\"rounded-three\" src=\"https:\/\/sysbares.com\/web\/wp-content\/uploads\/2022\/01\/tab1-1.jpg\" alt=\"\" ><\/span><h3 class=\"service-heading\" style=\"color:#ffffff;\">Nuevo dise\u00f1o, ahora m\u00e1s intuitivo y f\u00e1cil de usar<\/h3><p class=\"sppb-addon-title sppb-feature-box-title\"><span style=\"color: #ffffff;\">Soft Restaurant\u00ae se renueva para brindarte una interfaz m\u00e1s amigable y f\u00e1cil de usar que te ayudar\u00e1 a mejorar tus tiempos al utilizar el sistema.<\/span><\/p>\n<p>&nbsp;<\/p>\n<\/div>[vc_separator color=&#8221;white&#8221; el_width=&#8221;60&#8243;]<div class=\"krth-service-one \"><span class=\"service-image\"><img class=\"rounded-three\" src=\"https:\/\/sysbares.com\/web\/wp-content\/uploads\/2022\/01\/fideliza.jpg\" alt=\"\" ><\/span><h3 class=\"service-heading\" style=\"color:#ffffff;\">Herramientas de fidelizaci\u00f3n<\/h3><p class=\"sppb-addon-title sppb-feature-box-title\"><span style=\"color: #ffffff;\">Brinda a tus comensales promociones y recompensas exclusivas por su lealtada tu restaurante con\u00a0<strong>RestCard<\/strong><\/span><\/p>\n<\/div>[\/vc_column_inner][vc_column_inner width=&#8221;1\/3&#8243;]<div class=\"krth-service-one \"><span class=\"service-image\"><img class=\"rounded-three\" src=\"https:\/\/sysbares.com\/web\/wp-content\/uploads\/2022\/01\/analytics.jpg\" alt=\"\" ><\/span><h3 class=\"service-heading\" style=\"color:#ffffff;\">Nueva funci\u00f3n de Analytics*<\/h3><p><span style=\"color: #ffffff;\">Ahora tu sistema incluye la funci\u00f3n de Analytics, para que puedas realizar un an\u00e1lisis completo de tus indicadores gerenciales desde un panel web.<br \/>\n<\/span><span style=\"color: #ffffff;\">* Inclu\u00eddo en la versi\u00f3n Pro<\/span><\/p>\n<p>&nbsp;<\/p>\n<\/div>[vc_separator color=&#8221;white&#8221; el_width=&#8221;60&#8243;]<div class=\"krth-service-one \"><span class=\"service-image\"><img class=\"rounded-three\" src=\"https:\/\/sysbares.com\/web\/wp-content\/uploads\/2022\/01\/aforo.jpg\" alt=\"\" ><\/span><h3 class=\"service-heading\" style=\"color:#ffffff;\">Controla el aforo de tu establecimiento con el m\u00f3dulo de reservaciones<\/h3><p class=\"sppb-addon-title sppb-feature-box-title\"><span style=\"color: #ffffff;\">Controla las reservaciones de tus clientes y lleva el control del aforo para garantizar un entorno seguro.<\/span><\/p>\n<\/div>[\/vc_column_inner][vc_column_inner width=&#8221;1\/3&#8243;]<div class=\"krth-service-one \"><span class=\"service-image\"><img class=\"rounded-three\" src=\"https:\/\/sysbares.com\/web\/wp-content\/uploads\/2022\/01\/monitorprod.jpg\" alt=\"\" ><\/span><h3 class=\"service-heading\" style=\"color:#ffffff;\">Optimiza tus tiempos en cocina con el monitor de producci\u00f3n<\/h3><p class=\"sppb-addon-title sppb-feature-box-title\"><span style=\"color: #ffffff;\">Con Soft Restaurant\u00ae 10 podr\u00e1s mejorar la productividad de tu restaurante\u00a0 con el monitor de producci\u00f3n, donde tendr\u00e1s la opci\u00f3n de visualizar las comandas levantadas y generar reportes de tiempo de producci\u00f3n.<\/span><\/p>\n<\/div>[vc_separator color=&#8221;white&#8221; el_width=&#8221;60&#8243;]<div class=\"krth-service-one \"><span class=\"service-image\"><img class=\"rounded-three\" src=\"https:\/\/sysbares.com\/web\/wp-content\/uploads\/2022\/01\/registra.jpg\" alt=\"\" ><\/span><h3 class=\"service-heading\" style=\"color:#ffffff;\">Registra todos los productos de un paquete con un solo clic<\/h3><p class=\"sppb-addon-title sppb-feature-box-title\"><span style=\"color: #ffffff;\">Acelera tu servicio registrando en autom\u00e1tico todos los productos que comprenden un paquete.<\/span><\/p>\n<\/div>[\/vc_column_inner][\/vc_row_inner][\/vc_column][\/vc_row][vc_row full_width=&#8221;stretch_row&#8221; overlay_dotted=&#8221;&#8221; css=&#8221;.vc_custom_1643130956450{margin-top: 0px !important;margin-bottom: 0px !important;padding-top: 50px !important;padding-bottom: 0px !important;background-position: center !important;background-repeat: no-repeat !important;background-size: cover !important;}&#8221;][vc_column css=&#8221;.vc_custom_1471280090086{margin-top: 0px !important;margin-bottom: 0px !important;padding-top: 0px !important;padding-bottom: 0px !important;}&#8221;][vc_column_text]\n<h3 class=\"sppb-title-heading\" style=\"text-align: center;\">Potencializa tu sistema con los nuevos\u00a0<i class=\"fa fa-cubes\"><\/i>\u00a0<strong><span style=\"color: #ff9900;\">AddOns<\/span><\/strong><\/h3>\n[\/vc_column_text]\n    <div class=\"krth-testimonials krth-theme-carousel  krth-testimonials-two krth-tn-two     krth-testi-carousel-69e978335d3a1\" data-loop=\"true\" data-items=\"4\" data-margin=\"0\" data-dots=\"true\" data-nav=\"true\"  data-autoplay=\"true\"  data-mouse-drag=\"true\"  data-auto-height=\"true\"   > <!-- Testimonial Starts -->\n\n          <div class=\"krth-testimonial\">\n        <div class=\"testi-client\">\n          <span ><img src=\"https:\/\/sysbares.com\/web\/wp-content\/uploads\/2022\/01\/analy-200x200.jpg\" alt=\"\"><\/span>        <\/div>\n        <div class=\"testi-content\">\n          <span class=\"testimonial-heading\">Analytics<\/span>\n          <p>Monitorea los resultados de ventas de tu negocio a trav\u00e9s de tu dispositivo m\u00f3vil para la toma de decisiones acertivas.<\/p>\n<p><span style=\"color: #ff9900;\"><a style=\"color: #ff9900;\" href=\"https:\/\/softrestaurant.com\/docs?download=150\">Descargar Ficha T\u00e9cnica<\/a><\/span><\/p>\n          <div class=\"testi-client-info\"><\/div>\n        <\/div>\n      <\/div>\n          <div class=\"krth-testimonial\">\n        <div class=\"testi-client\">\n          <span ><img src=\"https:\/\/sysbares.com\/web\/wp-content\/uploads\/2022\/01\/comanderomovil-1-200x200.jpg\" alt=\"\"><\/span>        <\/div>\n        <div class=\"testi-content\">\n          <span class=\"testimonial-heading\">Comandero M\u00f3vil<\/span>\n          <p>Mira el resumen de tus cuentas, paga la cuenta o impreme el ticket del pedido.<\/p>\n<p><span style=\"color: #ff9900;\"><a style=\"color: #ff9900;\" href=\"https:\/\/softrestaurant.com\/docs?download=73\">Descargar Ficha T\u00e9cnica<\/a><\/span><\/p>\n          <div class=\"testi-client-info\"><\/div>\n        <\/div>\n      <\/div>\n          <div class=\"krth-testimonial\">\n        <div class=\"testi-client\">\n          <span ><img src=\"https:\/\/sysbares.com\/web\/wp-content\/uploads\/2022\/01\/kiosko-1-200x200.jpg\" alt=\"\"><\/span>        <\/div>\n        <div class=\"testi-content\">\n          <span class=\"testimonial-heading\">Kiosko<\/span>\n          <p>Con el Kiosko de Soft Restaurant\u00ae podr\u00e1s ofrecer una experiencia interactiva para tus comensales<\/p>\n<p><span style=\"color: #ff9900;\"><a style=\"color: #ff9900;\" href=\"https:\/\/softrestaurant.com\/docs?download=152\">Descargar Ficha T\u00e9cnica<\/a><\/span><\/p>\n          <div class=\"testi-client-info\"><\/div>\n        <\/div>\n      <\/div>\n          <div class=\"krth-testimonial\">\n        <div class=\"testi-client\">\n          <span ><img src=\"https:\/\/sysbares.com\/web\/wp-content\/uploads\/2022\/01\/menu-200x200.jpg\" alt=\"\"><\/span>        <\/div>\n        <div class=\"testi-content\">\n          <span class=\"testimonial-heading\">Men\u00fa Digital<\/span>\n          <p>Brinda a tus comensales la posibilidad de ordenar desde su mesa.<\/p>\n<p><span style=\"color: #ff9900;\"><a style=\"color: #ff9900;\" href=\"https:\/\/softrestaurant.com\/docs?download=89\">Descargar Ficha T\u00e9cnica<\/a><\/span><\/p>\n          <div class=\"testi-client-info\"><\/div>\n        <\/div>\n      <\/div>\n          <div class=\"krth-testimonial\">\n        <div class=\"testi-client\">\n          <span ><img src=\"https:\/\/sysbares.com\/web\/wp-content\/uploads\/2022\/01\/edelivery-200x200.jpg\" alt=\"\"><\/span>        <\/div>\n        <div class=\"testi-content\">\n          <span class=\"testimonial-heading\">e-Delivery<\/span>\n          <p>Comienza a vender tus platillos por internet, ya sea para servicio a domicilio o para pasar a recoger con e-Delivery<\/p>\n<p><a href=\"https:\/\/softrestaurant.com\/docs?download=151\"><span style=\"color: #ff6600;\">Descargar Ficha T\u00e9cnica<\/span><\/a><\/p>\n          <div class=\"testi-client-info\"><\/div>\n        <\/div>\n      <\/div>\n          <div class=\"krth-testimonial\">\n        <div class=\"testi-client\">\n          <span ><img src=\"https:\/\/sysbares.com\/web\/wp-content\/uploads\/2022\/01\/emenu-200x200.jpg\" alt=\"\"><\/span>        <\/div>\n        <div class=\"testi-content\">\n          <span class=\"testimonial-heading\">e-Men\u00fa QR<\/span>\n          <p>Ofrece tu men\u00fa disponible desde cualquier dispositivo con e-Menu QR.<\/p>\n<p><span style=\"color: #ff6600;\"><a style=\"color: #ff6600;\" href=\"https:\/\/softrestaurant.com\/docs?download=151\">Descargar Ficha T\u00e9cnica<\/a><\/span><\/p>\n          <div class=\"testi-client-info\"><\/div>\n        <\/div>\n      <\/div>\n    \n    <\/div> <!-- Testimonial End -->\n\n[\/vc_column][\/vc_row][vc_row full_width=&#8221;stretch_row&#8221; parallax=&#8221;content-moving&#8221; parallax_speed_bg=&#8221;2&#8243; overlay_dotted=&#8221;true&#8221; css=&#8221;.vc_custom_1481542371141{margin-top: 0px !important;margin-bottom: 0px !important;padding-top: 55px !important;padding-bottom: 100px !important;}&#8221; overlay_color=&#8221;rgba(19,29,51,0.81)&#8221;][vc_column text_alignment=&#8221;text-center&#8221;][vc_column_text]\n<h2 style=\"color: white; font-size: 38px; margin-bottom: 2px;\"><span style=\"color: #fa9928;\"><span style=\"color: #ffffff;\">\u00bfPreparado para alcanzar el <\/span><\/span><span style=\"color: #fa9928;\">m\u00e1ximo rendimiento<\/span><span style=\"color: #ffffff;\"> en tu negocio?<\/span><\/h2>\n[\/vc_column_text][vc_btn title=&#8221;Hacer una Cita&#8221; style=&#8221;flat&#8221; color=&#8221;warning&#8221; size=&#8221;lg&#8221; align=&#8221;center&#8221; link=&#8221;url:http%3A%2F%2Fsysbares.com%2Fweb%2F%3Fpage_id%3D174|title:Contacto&#8221;][\/vc_column][\/vc_row][vc_row][vc_column][\/vc_column][\/vc_row]\n","protected":false},"excerpt":{"rendered":"[vc_row][vc_column][vc_column_text] [\/vc_column_text][\/vc_column][\/vc_row][vc_row full_width=&#8221;stretch_row&#8221; disable_element=&#8221;yes&#8221; overlay_dotted=&#8221;&#8221; css=&#8221;.vc_custom_1727310448868{margin-top: 0px !important;margin-bottom: 0px !important;padding-top: 0px !important;padding-bottom: 0px !important;}&#8221;][vc_column][vc_single_image image=&#8221;1756&#8243; img_size=&#8221;full&#8221;][\/vc_column][\/vc_row][vc_row full_width=&#8221;stretch_row&#8221; overlay_dotted=&#8221;&#8221; css=&#8221;.vc_custom_1481542359952{margin-top: 0px !important;margin-bottom: 0px !important;padding-top: 0px !important;padding-bottom: 0px !important;}&#8221;][vc_column width=&#8221;3\/5&#8243;][vc_column_text] Mejora la productividad de tu negocio con V12 &nbsp; Es el sistema ideal para la administraci\u00f3n y operaci\u00f3n de tu restaurante ya que te permite tener el[&#8230;]","protected":false},"author":1,"featured_media":0,"parent":0,"menu_order":0,"comment_status":"closed","ping_status":"closed","template":"","meta":[],"aioseo_notices":[],"_links":{"self":[{"href":"https:\/\/sysbares.com\/web\/index.php?rest_route=\/wp\/v2\/pages\/1767"}],"collection":[{"href":"https:\/\/sysbares.com\/web\/index.php?rest_route=\/wp\/v2\/pages"}],"about":[{"href":"https:\/\/sysbares.com\/web\/index.php?rest_route=\/wp\/v2\/types\/page"}],"author":[{"embeddable":true,"href":"https:\/\/sysbares.com\/web\/index.php?rest_route=\/wp\/v2\/users\/1"}],"replies":[{"embeddable":true,"href":"https:\/\/sysbares.com\/web\/index.php?rest_route=%2Fwp%2Fv2%2Fcomments&post=1767"}],"version-history":[{"count":33,"href":"https:\/\/sysbares.com\/web\/index.php?rest_route=\/wp\/v2\/pages\/1767\/revisions"}],"predecessor-version":[{"id":1985,"href":"https:\/\/sysbares.com\/web\/index.php?rest_route=\/wp\/v2\/pages\/1767\/revisions\/1985"}],"wp:attachment":[{"href":"https:\/\/sysbares.com\/web\/index.php?rest_route=%2Fwp%2Fv2%2Fmedia&parent=1767"}],"curies":[{"name":"wp","href":"https:\/\/api.w.org\/{rel}","templated":true}]}}